{"id":2828,"date":"2021-03-02T21:20:17","date_gmt":"2021-03-02T21:20:17","guid":{"rendered":"https:\/\/mpilon.wpengine.com\/terms-conditions\/"},"modified":"2021-04-13T16:59:09","modified_gmt":"2021-04-13T16:59:09","slug":"termes-conditions","status":"publish","type":"page","link":"https:\/\/manonpilon.com\/fr\/termes-conditions\/","title":{"rendered":"Termes et conditions"},"content":{"rendered":"<div class=\"fusion-fullwidth fullwidth-box fusion-builder-row-1 fusion-flex-container nonhundred-percent-fullwidth non-hundred-percent-height-scrolling\" style=\"--awb-border-radius-top-left:0px;--awb-border-radius-top-right:0px;--awb-border-radius-bottom-right:0px;--awb-border-radius-bottom-left:0px;--awb-flex-wrap:wrap;\" ><div class=\"fusion-builder-row fusion-row fusion-flex-align-items-flex-start fusion-flex-justify-content-center fusion-flex-content-wrap\" style=\"max-width:1372.8px;margin-left: calc(-4% \/ 2 );margin-right: calc(-4% \/ 2 );\"><div class=\"fusion-layout-column fusion_builder_column fusion-builder-column-0 fusion_builder_column_1_1 1_1 fusion-flex-column\" style=\"--awb-bg-size:cover;--awb-width-large:100%;--awb-margin-top-large:0px;--awb-spacing-right-large:1.92%;--awb-margin-bottom-large:0px;--awb-spacing-left-large:1.92%;--awb-width-medium:100%;--awb-spacing-right-medium:1.92%;--awb-spacing-left-medium:1.92%;--awb-width-small:100%;--awb-spacing-right-small:1.92%;--awb-spacing-left-small:1.92%;\"><div class=\"fusion-column-wrapper fusion-flex-justify-content-flex-start fusion-content-layout-column\"><div class=\"fusion-title title fusion-title-1 fusion-sep-none fusion-title-center fusion-title-text fusion-title-size-one\" style=\"--awb-margin-top-small:12px;--awb-margin-right-small:0px;--awb-margin-bottom-small:24px;--awb-margin-left-small:0px;\"><h1 class=\"fusion-title-heading title-heading-center fusion-responsive-typography-calculated\" style=\"margin:0;--fontSize:72;line-height:1.12;\">Termes et conditions<\/h1><\/div><div class=\"fusion-separator fusion-full-width-sep\" style=\"align-self: center;margin-left: auto;margin-right: auto;margin-top:50px;width:100%;\"><\/div><div class=\"fusion-text fusion-text-1\" style=\"--awb-font-size:20px;--awb-line-height:1.4em;--awb-letter-spacing:-0.02em;\"><p>En visitant ce site, vous acceptez les conditions d&rsquo;utilisation suivantes:<\/p>\n<p>Toutes les informations, produits et services fournis par Manon Pilon Consulting sont fournis \u00abtels quels\u00bb et \u00abtels que disponibles\u00bb sans garantie d&rsquo;aucune sorte. Manon Pilon Consulting d\u00e9cline par la pr\u00e9sente toutes les garanties et conditions relatives \u00e0 ces informations et services, y compris toutes les garanties et conditions implicites de qualit\u00e9 marchande, d&rsquo;ad\u00e9quation \u00e0 un usage particulier, de titre et de non-contrefa\u00e7on.<\/p>\n<p>En aucun cas, Manon Pilon Consulting ne pourra \u00eatre tenue responsable de tout dommage sp\u00e9cial, indirect ou cons\u00e9cutif ou de quelque dommage que ce soit r\u00e9sultant d&rsquo;une perte d&rsquo;utilisation, de donn\u00e9es ou de b\u00e9n\u00e9fices, que ce soit dans le cadre d&rsquo;une action contractuelle, de n\u00e9gligence ou de toute autre action d\u00e9lictuelle, d\u00e9coulant de ou en relation. avec l&rsquo;utilisation ou la performance des informations ou services fournis sur le site manonpilon.com.<\/p>\n<p>En cas de litige d\u00e9coulant des pr\u00e9sentes conditions d&rsquo;utilisation, les lois de la province de Qu\u00e9bec et les lois f\u00e9d\u00e9rales du Canada qui y sont applicables seront r\u00e9put\u00e9es r\u00e9gir et vous acceptez de vous soumettre \u00e0 la comp\u00e9tence exclusive et personnelle des tribunaux de cette province. dans le cadre d&rsquo;un tel diff\u00e9rend.<\/p>\n<p>Nous nous r\u00e9servons le droit d&rsquo;annuler ou de r\u00e9viser les abonnements, les prix et la documentation \u00e0 tout moment sans pr\u00e9avis.<\/p>\n<p>Manon Pilon Consulting peut \u00e0 tout moment et de temps \u00e0 autre r\u00e9viser ces conditions d&rsquo;utilisation en mettant \u00e0 jour cette publication. En utilisant ce site, vous acceptez d&rsquo;\u00eatre li\u00e9 par ces conditions d&rsquo;utilisation et de telles r\u00e9visions et vous acceptez que vous devriez donc visiter p\u00e9riodiquement cette publication pour d\u00e9terminer les conditions d&rsquo;utilisation alors en vigueur par lesquelles vous \u00eates li\u00e9.<\/p>\n<p>Si vous avez des questions concernant cette d\u00e9claration, veuillez les envoyer \u00e0:<\/p>\n<p><strong>Manon Pilon Consulting<\/strong><br \/>\n4930 chemin Bois Franc<br \/>\nSt-Laurent, QC H4S 1A7<br \/>\nCanada<\/p>\n<p>T\u00e9l\u00e9phone: +1 (514) 333-8282<br \/>\nFax: +1 (514) 333-4008<br \/>\nEmail: info@dermeco.com<\/p>\n<\/div><\/div><\/div><\/div><\/div>\n","protected":false},"excerpt":{"rendered":"","protected":false},"author":1,"featured_media":0,"parent":0,"menu_order":0,"comment_status":"closed","ping_status":"closed","template":"100-width.php","meta":{"footnotes":""},"class_list":["post-2828","page","type-page","status-publish","hentry"],"yoast_head":"<!-- This site is optimized with the Yoast SEO plugin v27.1.1 - https:\/\/yoast.com\/product\/yoast-seo-wordpress\/ -->\n<title>Termes et conditions - Manon Pilon Consulting<\/title>\n<meta name=\"robots\" content=\"index, follow, max-snippet:-1, max-image-preview:large, max-video-preview:-1\" \/>\n<link rel=\"canonical\" href=\"https:\/\/manonpilon.com\/fr\/termes-conditions\/\" \/>\n<meta property=\"og:locale\" content=\"fr_FR\" \/>\n<meta property=\"og:type\" content=\"article\" \/>\n<meta property=\"og:title\" content=\"Termes et conditions - Manon Pilon Consulting\" \/>\n<meta property=\"og:url\" content=\"https:\/\/manonpilon.com\/fr\/termes-conditions\/\" \/>\n<meta property=\"og:site_name\" content=\"Manon Pilon Consulting\" \/>\n<meta property=\"article:publisher\" content=\"https:\/\/www.facebook.com\/manonpilonconsulting\" \/>\n<meta property=\"article:modified_time\" content=\"2021-04-13T16:59:09+00:00\" \/>\n<meta property=\"og:image\" content=\"https:\/\/manonpilon.com\/wp-content\/uploads\/2021\/03\/ManonPilonConsultingRetinaLogo.png\" \/>\n\t<meta property=\"og:image:width\" content=\"462\" \/>\n\t<meta property=\"og:image:height\" content=\"86\" \/>\n\t<meta property=\"og:image:type\" content=\"image\/png\" \/>\n<meta name=\"twitter:label1\" content=\"Dur\u00e9e de lecture estim\u00e9e\" \/>\n\t<meta name=\"twitter:data1\" content=\"5 minutes\" \/>\n<script type=\"application\/ld+json\" class=\"yoast-schema-graph\">{\"@context\":\"https:\/\/schema.org\",\"@graph\":[{\"@type\":\"WebPage\",\"@id\":\"https:\/\/manonpilon.com\/fr\/termes-conditions\/\",\"url\":\"https:\/\/manonpilon.com\/fr\/termes-conditions\/\",\"name\":\"Termes et conditions - Manon Pilon Consulting\",\"isPartOf\":{\"@id\":\"https:\/\/manonpilon.com\/fr\/#website\"},\"datePublished\":\"2021-03-02T21:20:17+00:00\",\"dateModified\":\"2021-04-13T16:59:09+00:00\",\"breadcrumb\":{\"@id\":\"https:\/\/manonpilon.com\/fr\/termes-conditions\/#breadcrumb\"},\"inLanguage\":\"fr-FR\",\"potentialAction\":[{\"@type\":\"ReadAction\",\"target\":[\"https:\/\/manonpilon.com\/fr\/termes-conditions\/\"]}]},{\"@type\":\"BreadcrumbList\",\"@id\":\"https:\/\/manonpilon.com\/fr\/termes-conditions\/#breadcrumb\",\"itemListElement\":[{\"@type\":\"ListItem\",\"position\":1,\"name\":\"Home\",\"item\":\"https:\/\/manonpilon.com\/fr\/\"},{\"@type\":\"ListItem\",\"position\":2,\"name\":\"Termes et conditions\"}]},{\"@type\":\"WebSite\",\"@id\":\"https:\/\/manonpilon.com\/fr\/#website\",\"url\":\"https:\/\/manonpilon.com\/fr\/\",\"name\":\"Manon Pilon Consulting\",\"description\":\"Unlock Your Growth Potential\",\"publisher\":{\"@id\":\"https:\/\/manonpilon.com\/fr\/#organization\"},\"potentialAction\":[{\"@type\":\"SearchAction\",\"target\":{\"@type\":\"EntryPoint\",\"urlTemplate\":\"https:\/\/manonpilon.com\/fr\/?s={search_term_string}\"},\"query-input\":{\"@type\":\"PropertyValueSpecification\",\"valueRequired\":true,\"valueName\":\"search_term_string\"}}],\"inLanguage\":\"fr-FR\"},{\"@type\":\"Organization\",\"@id\":\"https:\/\/manonpilon.com\/fr\/#organization\",\"name\":\"Manon Pilon Consulting\",\"url\":\"https:\/\/manonpilon.com\/fr\/\",\"logo\":{\"@type\":\"ImageObject\",\"inLanguage\":\"fr-FR\",\"@id\":\"https:\/\/manonpilon.com\/fr\/#\/schema\/logo\/image\/\",\"url\":\"https:\/\/manonpilon.com\/wp-content\/uploads\/2021\/03\/ManonPilonConsultingRetinaLogo.png\",\"contentUrl\":\"https:\/\/manonpilon.com\/wp-content\/uploads\/2021\/03\/ManonPilonConsultingRetinaLogo.png\",\"width\":462,\"height\":86,\"caption\":\"Manon Pilon Consulting\"},\"image\":{\"@id\":\"https:\/\/manonpilon.com\/fr\/#\/schema\/logo\/image\/\"},\"sameAs\":[\"https:\/\/www.facebook.com\/manonpilonconsulting\",\"https:\/\/www.youtube.com\/derme8282\"]}]}<\/script>\n<!-- \/ Yoast SEO plugin. -->","yoast_head_json":{"title":"Termes et conditions - Manon Pilon Consulting","robots":{"index":"index","follow":"follow","max-snippet":"max-snippet:-1","max-image-preview":"max-image-preview:large","max-video-preview":"max-video-preview:-1"},"canonical":"https:\/\/manonpilon.com\/fr\/termes-conditions\/","og_locale":"fr_FR","og_type":"article","og_title":"Termes et conditions - Manon Pilon Consulting","og_url":"https:\/\/manonpilon.com\/fr\/termes-conditions\/","og_site_name":"Manon Pilon Consulting","article_publisher":"https:\/\/www.facebook.com\/manonpilonconsulting","article_modified_time":"2021-04-13T16:59:09+00:00","og_image":[{"width":462,"height":86,"url":"https:\/\/manonpilon.com\/wp-content\/uploads\/2021\/03\/ManonPilonConsultingRetinaLogo.png","type":"image\/png"}],"twitter_misc":{"Dur\u00e9e de lecture estim\u00e9e":"5 minutes"},"schema":{"@context":"https:\/\/schema.org","@graph":[{"@type":"WebPage","@id":"https:\/\/manonpilon.com\/fr\/termes-conditions\/","url":"https:\/\/manonpilon.com\/fr\/termes-conditions\/","name":"Termes et conditions - Manon Pilon Consulting","isPartOf":{"@id":"https:\/\/manonpilon.com\/fr\/#website"},"datePublished":"2021-03-02T21:20:17+00:00","dateModified":"2021-04-13T16:59:09+00:00","breadcrumb":{"@id":"https:\/\/manonpilon.com\/fr\/termes-conditions\/#breadcrumb"},"inLanguage":"fr-FR","potentialAction":[{"@type":"ReadAction","target":["https:\/\/manonpilon.com\/fr\/termes-conditions\/"]}]},{"@type":"BreadcrumbList","@id":"https:\/\/manonpilon.com\/fr\/termes-conditions\/#breadcrumb","itemListElement":[{"@type":"ListItem","position":1,"name":"Home","item":"https:\/\/manonpilon.com\/fr\/"},{"@type":"ListItem","position":2,"name":"Termes et conditions"}]},{"@type":"WebSite","@id":"https:\/\/manonpilon.com\/fr\/#website","url":"https:\/\/manonpilon.com\/fr\/","name":"Manon Pilon Consulting","description":"Unlock Your Growth Potential","publisher":{"@id":"https:\/\/manonpilon.com\/fr\/#organization"},"potentialAction":[{"@type":"SearchAction","target":{"@type":"EntryPoint","urlTemplate":"https:\/\/manonpilon.com\/fr\/?s={search_term_string}"},"query-input":{"@type":"PropertyValueSpecification","valueRequired":true,"valueName":"search_term_string"}}],"inLanguage":"fr-FR"},{"@type":"Organization","@id":"https:\/\/manonpilon.com\/fr\/#organization","name":"Manon Pilon Consulting","url":"https:\/\/manonpilon.com\/fr\/","logo":{"@type":"ImageObject","inLanguage":"fr-FR","@id":"https:\/\/manonpilon.com\/fr\/#\/schema\/logo\/image\/","url":"https:\/\/manonpilon.com\/wp-content\/uploads\/2021\/03\/ManonPilonConsultingRetinaLogo.png","contentUrl":"https:\/\/manonpilon.com\/wp-content\/uploads\/2021\/03\/ManonPilonConsultingRetinaLogo.png","width":462,"height":86,"caption":"Manon Pilon Consulting"},"image":{"@id":"https:\/\/manonpilon.com\/fr\/#\/schema\/logo\/image\/"},"sameAs":["https:\/\/www.facebook.com\/manonpilonconsulting","https:\/\/www.youtube.com\/derme8282"]}]}},"_links":{"self":[{"href":"https:\/\/manonpilon.com\/fr\/wp-json\/wp\/v2\/pages\/2828","targetHints":{"allow":["GET"]}}],"collection":[{"href":"https:\/\/manonpilon.com\/fr\/wp-json\/wp\/v2\/pages"}],"about":[{"href":"https:\/\/manonpilon.com\/fr\/wp-json\/wp\/v2\/types\/page"}],"author":[{"embeddable":true,"href":"https:\/\/manonpilon.com\/fr\/wp-json\/wp\/v2\/users\/1"}],"replies":[{"embeddable":true,"href":"https:\/\/manonpilon.com\/fr\/wp-json\/wp\/v2\/comments?post=2828"}],"version-history":[{"count":0,"href":"https:\/\/manonpilon.com\/fr\/wp-json\/wp\/v2\/pages\/2828\/revisions"}],"wp:attachment":[{"href":"https:\/\/manonpilon.com\/fr\/wp-json\/wp\/v2\/media?parent=2828"}],"curies":[{"name":"wp","href":"https:\/\/api.w.org\/{rel}","templated":true}]}}